{"id":9,"date":"2025-06-29T11:54:07","date_gmt":"2025-06-29T09:54:07","guid":{"rendered":"https:\/\/termalfurdo.ro\/tlsz\/?page_id=9"},"modified":"2025-07-07T12:37:09","modified_gmt":"2025-07-07T10:37:09","slug":"about","status":"publish","type":"page","link":"https:\/\/termalfurdo.ro\/tlsz\/?page_id=9","title":{"rendered":"Nyitvatart\u00e1s"},"content":{"rendered":"\n<div class=\"wp-block-cover alignfull\" style=\"min-height:320px;aspect-ratio:unset;\"><span aria-hidden=\"true\" class=\"wp-block-cover__background has-nv-site-bg-background-color has-background-dim-100 has-background-dim\"><\/span><div class=\"wp-block-cover__inner-container is-layout-flow wp-block-cover-is-layout-flow\">\n<div class=\"wp-block-group\" style=\"padding-right:var(--wp--preset--spacing--30);padding-left:var(--wp--preset--spacing--30)\"><div class=\"wp-block-group__inner-container is-layout-flow wp-block-group-is-layout-flow\">\n<h1 class=\"wp-block-heading has-text-align-left has-neve-text-color-color has-text-color\">Nyitvatart\u00e1s<\/h1>\n<\/div><\/div>\n<\/div><\/div>\n\n\n\n<div class=\"wp-block-columns are-vertically-aligned-center is-layout-flex wp-container-core-columns-is-layout-9d6595d7 wp-block-columns-is-layout-flex\">\n<div class=\"wp-block-column is-vertically-aligned-center is-layout-flow wp-block-column-is-layout-flow\" style=\"padding-right:var(--wp--preset--spacing--30);padding-left:var(--wp--preset--spacing--30);flex-basis:50%\">\n<figure class=\"wp-block-image size-full has-custom-border is-style-default\"><img loading=\"lazy\" decoding=\"async\" width=\"2048\" height=\"1365\" src=\"https:\/\/termalfurdo.ro\/tlsz\/wp-content\/uploads\/2025\/07\/ugrik-3.jpg\" alt=\"\" class=\"wp-image-190\" style=\"border-radius:16px\" srcset=\"https:\/\/termalfurdo.ro\/tlsz\/wp-content\/uploads\/2025\/07\/ugrik-3.jpg 2048w, https:\/\/termalfurdo.ro\/tlsz\/wp-content\/uploads\/2025\/07\/ugrik-3-300x200.jpg 300w, https:\/\/termalfurdo.ro\/tlsz\/wp-content\/uploads\/2025\/07\/ugrik-3-1024x683.jpg 1024w, https:\/\/termalfurdo.ro\/tlsz\/wp-content\/uploads\/2025\/07\/ugrik-3-768x512.jpg 768w, https:\/\/termalfurdo.ro\/tlsz\/wp-content\/uploads\/2025\/07\/ugrik-3-1536x1024.jpg 1536w, https:\/\/termalfurdo.ro\/tlsz\/wp-content\/uploads\/2025\/07\/ugrik-3-930x620.jpg 930w\" sizes=\"auto, (max-width: 2048px) 100vw, 2048px\" \/><\/figure>\n<\/div>\n\n\n\n<div class=\"wp-block-column is-vertically-aligned-center is-layout-flow wp-block-column-is-layout-flow\" style=\"padding-right:var(--wp--preset--spacing--30);padding-left:var(--wp--preset--spacing--30);flex-basis:50%\">\n<h2 class=\"wp-block-heading has-text-align-left has-neve-text-color-color has-text-color\">H\u00e9tf\u0151 &#8211; Vas\u00e1rnap 10:00 &#8211; 20:00<\/h2>\n\n\n\n<p class=\"has-text-align-center has-neve-text-color-color has-text-color\" style=\"font-size:17px\">V\u00edzcser\u00e9k a medenc\u00e9inkben<\/p>\n\n\n\n<p>A nagy medence teljes v\u00edzcser\u00e9je minden h\u00e9ten t\u00f6rt\u00e9nik: vas\u00e1rnap este leengedj\u00fck, majd h\u00e9tf\u0151n \u00fajrat\u00f6ltj\u00fck friss term\u00e1lv\u00edzzel. Emellett a medence viz\u00e9nek min\u0151s\u00e9ge folyamatosan biztos\u00edtott, mivel a v\u00edz k\u00f6rforg\u00e1sos rendszerben, folyamatosan cser\u00e9l\u0151dik a t\u00falfoly\u00f3n kereszt\u00fcl.<\/p>\n\n\n\n<p>A kis medence viz\u00e9t h\u00e1romnaponta, esti \u00f3r\u00e1kban cser\u00e9lj\u00fck, \u00edgy vend\u00e9geink mindig tiszta, friss v\u00edzben \u00e9lvezhetik a f\u00fcrd\u0151z\u00e9st.<\/p>\n<\/div>\n<\/div>\n","protected":false},"excerpt":{"rendered":"<p>H\u00e9tf\u0151 &#8211; Vas\u00e1rnap 10:00 &#8211; 20:00 V\u00edzcser\u00e9k a medenc\u00e9inkben A nagy medence teljes v\u00edzcser\u00e9je minden h\u00e9ten t\u00f6rt\u00e9nik: vas\u00e1rnap este leengedj\u00fck, majd h\u00e9tf\u0151n \u00fajrat\u00f6ltj\u00fck friss term\u00e1lv\u00edzzel. Emellett a medence viz\u00e9nek min\u0151s\u00e9ge folyamatosan biztos\u00edtott, mivel a v\u00edz k\u00f6rforg\u00e1sos rendszerben, folyamatosan cser\u00e9l\u0151dik a t\u00falfoly\u00f3n kereszt\u00fcl. A kis medence viz\u00e9t h\u00e1romnaponta, esti \u00f3r\u00e1kban cser\u00e9lj\u00fck, \u00edgy vend\u00e9geink mindig tiszta, friss&hellip;&nbsp;<a href=\"https:\/\/termalfurdo.ro\/tlsz\/?page_id=9\" rel=\"bookmark\"><span class=\"screen-reader-text\">Nyitvatart\u00e1s<\/span><\/a><\/p>\n","protected":false},"author":1,"featured_media":0,"parent":0,"menu_order":0,"comment_status":"closed","ping_status":"closed","template":"","meta":{"neve_meta_sidebar":"","neve_meta_container":"","neve_meta_enable_content_width":"on","neve_meta_content_width":100,"neve_meta_title_alignment":"","neve_meta_author_avatar":"","neve_post_elements_order":"","neve_meta_disable_header":"","neve_meta_disable_footer":"","neve_meta_disable_title":"on","_themeisle_gutenberg_block_has_review":false,"footnotes":""},"class_list":["post-9","page","type-page","status-publish","hentry"],"_links":{"self":[{"href":"https:\/\/termalfurdo.ro\/tlsz\/index.php?rest_route=\/wp\/v2\/pages\/9","targetHints":{"allow":["GET"]}}],"collection":[{"href":"https:\/\/termalfurdo.ro\/tlsz\/index.php?rest_route=\/wp\/v2\/pages"}],"about":[{"href":"https:\/\/termalfurdo.ro\/tlsz\/index.php?rest_route=\/wp\/v2\/types\/page"}],"author":[{"embeddable":true,"href":"https:\/\/termalfurdo.ro\/tlsz\/index.php?rest_route=\/wp\/v2\/users\/1"}],"replies":[{"embeddable":true,"href":"https:\/\/termalfurdo.ro\/tlsz\/index.php?rest_route=%2Fwp%2Fv2%2Fcomments&post=9"}],"version-history":[{"count":8,"href":"https:\/\/termalfurdo.ro\/tlsz\/index.php?rest_route=\/wp\/v2\/pages\/9\/revisions"}],"predecessor-version":[{"id":191,"href":"https:\/\/termalfurdo.ro\/tlsz\/index.php?rest_route=\/wp\/v2\/pages\/9\/revisions\/191"}],"wp:attachment":[{"href":"https:\/\/termalfurdo.ro\/tlsz\/index.php?rest_route=%2Fwp%2Fv2%2Fmedia&parent=9"}],"curies":[{"name":"wp","href":"https:\/\/api.w.org\/{rel}","templated":true}]}}