{"id":176,"date":"2025-07-04T12:02:57","date_gmt":"2025-07-04T10:02:57","guid":{"rendered":"https:\/\/termalfurdo.ro\/tlsz\/?page_id=176"},"modified":"2025-07-07T13:08:25","modified_gmt":"2025-07-07T11:08:25","slug":"belso-rendszabalyzat","status":"publish","type":"page","link":"https:\/\/termalfurdo.ro\/tlsz\/?page_id=176","title":{"rendered":"Bels\u0151 rendszab\u00e1lyzat"},"content":{"rendered":"\n<p>A Term\u00e1l Liget Szentegyh\u00e1za bels\u0151 rendszab\u00e1lyzat\u00e1t a Term\u00e1l Liget Szentegyh\u00e1za minden helyis\u00e9g\u00e9ben, minden l\u00e1togat\u00f3 sz\u00e1m\u00e1ra k\u00f6telez\u0151 betartani, bele\u00e9rtve:<\/p>\n\n\n\n<p>&#8211; a Term\u00e1l Liget Szentegyh\u00e1za \u00f6sszes k\u00fcls\u0151 \u00e9s bels\u0151 ter\u00e9ben<\/p>\n\n\n\n<p>&#8211; a parkol\u00f3kban<\/p>\n\n\n\n<p>A Term\u00e1l Liget Szentegyh\u00e1za szolg\u00e1ltat\u00e1sainak haszn\u00e1latba v\u00e9tele \u00e9rdek\u00e9ben \u00d6nnek, mint l\u00e1togat\u00f3ja el kell fogadnia, \u00e9s be kell tartania a jelen szab\u00e1lyzatban foglalt szab\u00e1lyokat. Ha nem \u00e9rt egyet a Term\u00e1l Liget Szentegyh\u00e1za szab\u00e1lyzat b\u00e1rmelyik\u00e9vel, k\u00e9rj\u00fck ne vegye ig\u00e9nybe a szolg\u00e1ltat\u00e1sokat. A bel\u00e9p\u0151jegy befizet\u00e9s\u00e9vel \u00d6n, mint a Term\u00e1l Liget Szentegyh\u00e1za l\u00e1togat\u00f3ja, kifejezi hozz\u00e1j\u00e1rul\u00e1s\u00e1t a jelen szab\u00e1lyzathoz \u00e9s v\u00e1llalja, hogy felt\u00e9tel n\u00e9lk\u00fcl betartja az al\u00e1bbi szab\u00e1lyokat.<\/p>\n\n\n\n<p><strong>\u00d6n a Term\u00e1l Liget Szentegyh\u00e1za l\u00e1togat\u00f3jak\u00e9nt a k\u00f6vetkez\u0151 szab\u00e1lyokat k\u00f6teles betartani: <\/strong><strong><\/strong><\/p>\n\n\n\n<ol class=\"wp-block-list\">\n<li>A bej\u00e1ratn\u00e1l kapott \u00f3ra visel\u00e9se a Term\u00e1l Liget Szentegyh\u00e1za ter\u00fclet\u00e9n val\u00f3 tart\u00f3zkod\u00e1s teljes ideje alatt k\u00f6telez\u0151.<\/li>\n\n\n\n<li>A medenc\u00e9ben k\u00f6telez\u0151 az \u00fasz\u00f3sapka haszn\u00e1lata.<\/li>\n\n\n\n<li>S\u00falyos testi vagy szellemi fogyat\u00e9koss\u00e1g miatt tehetetlen vagy fel\u00fcgyeletet ig\u00e9nyl\u0151 szem\u00e9ly a Term\u00e1l Liget Szentegyh\u00e1za ter\u00fclet\u00e9n l\u00e9v\u0151 medenc\u00e9ket csak feln\u0151tt k\u00eds\u00e9r\u0151 jelenl\u00e9t\u00e9ben haszn\u00e1lhatja, aki felel\u0151ss\u00e9get v\u00e1llal a s\u00e9r\u00fclt szem\u00e9ly\u00e9rt.<\/li>\n\n\n\n<li>A medenc\u00e9be val\u00f3 bel\u00e9p\u00e9s zuhanyz\u00e1s ut\u00e1n t\u00f6rt\u00e9nik, a savas anyagok elt\u00e1vol\u00edt\u00e1sa \u00e9rdek\u00e9ben a b\u0151rfel\u00fcletr\u0151l (az eg\u00e9szs\u00e9ges test verejt\u00e9k).<\/li>\n\n\n\n<li>A medenc\u00e9be val\u00f3 bel\u00e9p\u00e9s kiz\u00e1r\u00f3lag f\u00fcrd\u0151ruh\u00e1ban t\u00f6rt\u00e9nik (a feh\u00e9rnem\u0171 nem min\u0151s\u00fcl f\u00fcrd\u0151ruh\u00e1nak!)<\/li>\n<\/ol>\n\n\n\n<p>&#8211; A k\u00f6vetkez\u0151 ruhadarabok min\u0151s\u00fclnek f\u00fcrd\u0151ruh\u00e1nak: kifejezetten f\u00fcrd\u00e9shez\/\u00fasz\u00e1shoz&nbsp;&nbsp;&nbsp;&nbsp;&nbsp;&nbsp;&nbsp;&nbsp; f\u00fcrd\u0151dressz, kifejezetten f\u00fcrd\u00e9shez\/\u00fasz\u00e1shoz r\u00f6vidnadr\u00e1g, f\u00fcrd\u0151ruha (n\u0151i)<\/p>\n\n\n\n<p>&#8211; A medenc\u00e9ben p\u00f3l\u00f3ban nem tart\u00f3zkodhat. Speci\u00e1lis neopr\u00e9nb\u0151l vagy hasonl\u00f3 anyagb\u00f3l k\u00e9sz\u00fclt \u00fasz\u00f3ingek megengedettek.<\/p>\n\n\n\n<ul class=\"wp-block-list\">\n<li>A bel\u00e9p\u00e9si d\u00edj nem garant\u00e1lja a napoz\u00f3\u00e1gy el\u00e9rhet\u0151s\u00e9g\u00e9t, mivel azok a szabad f\u00e9r\u0151helyek keret\u00e9n bel\u00fcl elfoglalhat\u00f3k.<\/li>\n\n\n\n<li>Nyug\u00e1gyra, padra, sz\u00e9kre l\u00e1bbal felm\u00e1szni tilos.<\/li>\n\n\n\n<li>Term\u00e1l Liget Szentegyh\u00e1za ter\u00fclet\u00e9n nem megengedett a topless f\u00fcrd\u0151z\u00e9s.<\/li>\n\n\n\n<li>A gyermekek 3 \u00e9ves korig speci\u00e1lis f\u00fcrd\u0151pelenk\u00e1t k\u00f6telesek viselni a medenc\u00e9ben.<\/li>\n\n\n\n<li>A medence ter\u00fclet\u00e9n a tisztas\u00e1g fenntart\u00e1sa \u00e9s az eg\u00e9szs\u00e9g\u00fcgyi szab\u00e1lyok betart\u00e1sa k\u00f6telez\u0151.<\/li>\n\n\n\n<li>A medenc\u00e9ket haszn\u00e1lata saj\u00e1t felel\u0151ss\u00e9gre t\u00f6rt\u00e9nik, az esetleges balesetek\u00e9rt \u00e9s azok k\u00f6vetkezm\u00e9nyei\u00e9rt a Term\u00e1l Liget Szentegyh\u00e1za \u00e9s munkat\u00e1rsai nem v\u00e1llalnak felel\u0151ss\u00e9get.<\/li>\n\n\n\n<li>A Term\u00e1l Liget Szentegyh\u00e1za teljes ter\u00fclet\u00e9n k\u00f6telez\u0151 a csend megtart\u00e1sa, tilos a kiab\u00e1l\u00e1s, szitkoz\u00f3d\u00e1s \u00e9s agressz\u00edv hangnem.<\/li>\n\n\n\n<li>Nem v\u00e1llalunk felel\u0151ss\u00e9get a Term\u00e1l Liget Szentegyh\u00e1za ter\u00fclet\u00e9n hagyott szem\u00e9lyes t\u00e1rgyak\u00e9rt\/\u00e9rt\u00e9kt\u00e1rgyak\u00e9rt, valamint az elfelejtett vagy elveszett t\u00e1rgyak\u00e9rt.<\/li>\n\n\n\n<li>Tilos:<\/li>\n\n\n\n<li>alkoholos vagy k\u00e1b\u00edt\u00f3szeres\/tudatm\u00f3dos\u00edt\u00f3 anyagok hat\u00e1sa alatt \u00e1ll\u00f3 szem\u00e9lyek bel\u00e9p\u00e9se a medenc\u00e9be<\/li>\n\n\n\n<li>14 \u00e9ven aluli gyermekek bel\u00e9p\u00e9se a medence ter\u00fclet\u00e9re feln\u0151tt k\u00eds\u00e9r\u0151 n\u00e9lk\u00fcl<\/li>\n\n\n\n<li>ugr\u00e1l\u00e1s a medenc\u00e9ben (kiv\u00e9telt k\u00e9peznek az edz\u00e9sek id\u0151tartama alatt v\u00e9gzett speci\u00e1lis feladatok)<\/li>\n\n\n\n<li>\u00faszni nem tud\u00f3 szem\u00e9lyek nem l\u00e9phetnek be, kiv\u00e9ve, ha \u00faszni tud\u00f3 szem\u00e9ly k\u00eds\u00e9ri \u0151ket, a k\u00eds\u00e9r\u0151 szem\u00e9ly szorosan fel\u00fcgyeli a nem \u00fasz\u00f3t, \u00e9s felel\u0151s a tettei\u00e9rt.<\/li>\n\n\n\n<li>mobiltelefon haszn\u00e1lata a medenc\u00e9ben.<\/li>\n\n\n\n<li>mobiltelefonok olyan m\u00f3don t\u00f6rt\u00e9n\u0151 haszn\u00e1lata, amely m\u00e1sokat zavar (p\u00e9ld\u00e1ul hangosan besz\u00e9l vagy f\u00e9nyk\u00e9pez m\u00e1sokat az enged\u00e9ly\u00fck n\u00e9lk\u00fcl)<\/li>\n\n\n\n<li>ny\u00edlt sebekkel, fert\u0151z\u0151 b\u0151rbetegs\u00e9gekkel vagy fert\u0151z\u0151 betegs\u00e9gekkel, ki\u00fct\u00e9sekkel vagy a k\u00f6zv\u00e9lem\u00e9nyt megs\u00e9rt\u0151 betegs\u00e9gekkel rendelkez\u0151 szem\u00e9lyek hozz\u00e1f\u00e9r\u00e9se a medenc\u00e9hez<\/li>\n\n\n\n<li>bel\u00e9p\u00e9s fegyverekkel, vegyszerekkel \u00e9s m\u00e9rgez\u0151 anyagokkal<\/li>\n\n\n\n<li>a fizikai er\u0151szak b\u00e1rmely megnyilv\u00e1nul\u00e1sa (bele\u00e9rtve a \u201ej\u00e1t\u00e9kban val\u00f3 r\u00e9szv\u00e9telt\u201d, a t\u00f6bbi l\u00e1togat\u00f3 l\u00f6kd\u00f6s\u00e9s\u00e9t\/\u00fctlegel\u00e9s\u00e9t stb.)<\/li>\n\n\n\n<li>doh\u00e1nyz\u00e1s, alkoholos italok \u00e9s b\u00e1rmilyen \u00e9tel fogyaszt\u00e1sa (bele\u00e9rtve a r\u00e1g\u00f3gumit is) a medenc\u00e9ben vagy annak k\u00f6rny\u00e9k\u00e9n<\/li>\n\n\n\n<li>fut\u00e1s \u00e9s j\u00e1t\u00e9k a medence sz\u00e9l\u00e9n, valamint a medence sz\u00e9l\u00e9n l\u00e9v\u0151 emberek v\u00edzbe l\u00f6k\u00e9se. Nem v\u00e1llalunk felel\u0151ss\u00e9get az ezen okokb\u00f3l ered\u0151 balesetek\u00e9rt vagy eg\u00e9szs\u00e9g\u00fcgyi probl\u00e9m\u00e1k\u00e9rt. A medenc\u00e9be ugr\u00e1s tilos!<\/li>\n\n\n\n<li>tr\u00e1g\u00e1r, illetlen nyelvezet, illetlen, er\u0151szakos gesztusok haszn\u00e1lata, valamint olyan viselked\u00e9s, amely befoly\u00e1solja az \u00fcgyfelek \u00e9s a medence szem\u00e9lyzet\u00e9nek k\u00e9nyelm\u00e9t \u00e9s testi \u00e9ps\u00e9g\u00e9t<\/li>\n\n\n\n<li>szappan vagy m\u00e1s tiszt\u00e1lkod\u00e1si cikk vagy test\u00e1pol\u00f3 kr\u00e9m haszn\u00e1lata a zuhanykabinon k\u00edv\u00fcl. A komplexumban higi\u00e9niai okokb\u00f3l kef\u00e9vel v\u00e9gzett massz\u00e1zs vagy h\u00e1mlaszt\u00f3k haszn\u00e1lata tilos. Sz\u0151rtelen\u00edt\u0151 elj\u00e1r\u00e1sok nem megengedettek.<\/li>\n\n\n\n<li>vide\u00f3- vagy f\u00e9nyk\u00e9p r\u00f6gz\u00edt\u0151 felszerel\u00e9ssel bel\u00e9pni a medenc\u00e9be (kiv\u00e9telt k\u00e9peznek az igazgat\u00f3s\u00e1g \u00e1ltal el\u0151re enged\u00e9lyezett esetek)<\/li>\n\n\n\n<li>utcai ruh\u00e1val vagy cip\u0151vel bel\u00e9p\u00e9s a zuhanyz\u00f3kba, valamint a teljes medencet\u00e9r ter\u00fcletre<\/li>\n\n\n\n<li>borotv\u00e1lkoz\u00e1s vagy haj fest\u00e9se<\/li>\n\n\n\n<li>pedik\u0171r vagy manik\u0171r k\u00e9sz\u00edt\u00e9se<\/li>\n\n\n\n<li>\u00e9lelmiszerek, italok (k\u00fcl\u00f6n\u00f6sen alkoholos italok), valamint tiltott t\u00e1rgyak behozatala a medenc\u00e9kbe. Szabad 14 \u00e9ves korig gyerekeknek bevinni j\u00e1t\u00e9kokat, \u00e9teleket, italokat.<\/li>\n\n\n\n<li>k\u00f6pni a padl\u00f3ra vagy a f\u00fcrd\u0151v\u00edzbe<\/li>\n\n\n\n<li>a medenc\u00e9kbe val\u00f3 be- vagy kisz\u00e1ll\u00e1s l\u00e9pcs\u0151n k\u00edv\u00fcl. Ez a szab\u00e1ly a s\u00e9r\u00fcl\u00e9svesz\u00e9ly miatt \u00e9rv\u00e9nyes.<\/li>\n\n\n\n<li>gimnasztikai gyakorlatok v\u00e9gz\u00e9se l\u00e9pcs\u0151n vagy a medenc\u00e9k k\u00f6r\u00fcl vagy k\u00f6zvetlen k\u00f6zel\u00e9ben<\/li>\n\n\n\n<li>matrac vagy egy\u00e9b v\u00edzi j\u00e1t\u00e9keszk\u00f6z haszn\u00e1lata, nem oktat\u00e1si c\u00e9lb\u00f3l, oktat\u00f3 fel\u00fcgyelete n\u00e9lk\u00fcl<\/li>\n\n\n\n<li>ajt\u00f3k (k\u00fcl\u00f6n\u00f6sen v\u00e9szkij\u00e1rati ajt\u00f3k) vagy szell\u0151z\u0151ny\u00edl\u00e1sok blokkol\u00e1s napoz\u00f3\u00e1gyakkal, t\u00e1sk\u00e1kkal, t\u00f6r\u00fclk\u00f6z\u0151kkel vagy egy\u00e9b t\u00e1rgyakkal<\/li>\n\n\n\n<li>b\u00e1rmilyen rekl\u00e1manyag terjeszt\u00e9se, bele\u00e9rtve a parkol\u00f3ban is (kiv\u00e9telt k\u00e9peznek a Term\u00e1l Liget Szentegyh\u00e1za \u00e1ltal enged\u00e9lyezett tev\u00e9kenys\u00e9gek)<\/li>\n\n\n\n<li>b\u00e1rmilyen p\u00e9nzgy\u0171jt\u00e9s szervez\u00e9se (kiv\u00e9telt k\u00e9peznek a Term\u00e1l Liget Szentegyh\u00e1za \u00e1ltal enged\u00e9lyezett tev\u00e9kenys\u00e9gek)<\/li>\n\n\n\n<li>a l\u00e9tes\u00edtm\u00e9nyek (bele\u00e9rtve a kapcsol\u00f3d\u00f3 f\u00f6ldter\u00fcletet is) b\u00e1rmilyen m\u00f3don kereskedelmi, illeg\u00e1lis vagy m\u00e1s nem megfelel\u0151 c\u00e9lra t\u00f6rt\u00e9n\u0151 felhaszn\u00e1l\u00e1sa (kiv\u00e9telt k\u00e9peznek a Term\u00e1l Liget Szentegyh\u00e1za \u00e1ltal enged\u00e9lyezett tev\u00e9kenys\u00e9gek)<\/li>\n\n\n\n<li>A Term\u00e1l Liget Szentegyh\u00e1za m\u0171k\u00f6dtet\u0151je nem v\u00e1llal felel\u0151ss\u00e9get a jelen szab\u00e1lyzat \u00fcgyfelek \u00e1ltali be nem tart\u00e1s\u00e1\u00e9rt, baleset, erk\u00f6lcsi vagy anyagi k\u00e1r eset\u00e9n erk\u00f6lcsi vagy anyagi k\u00e1rt\u00e9r\u00edt\u00e9st nem ad.<\/li>\n\n\n\n<li>B\u00e1rmilyen vit\u00e1t, f\u00e9lre\u00e9rt\u00e9st a felek b\u00e9k\u00e9s \u00faton rendeznek, \u00e9s ennek elmulaszt\u00e1sa eset\u00e9n a vit\u00e1s k\u00e9rd\u00e9seket b\u00edr\u00f3s\u00e1gi \u00faton rendezik.<\/li>\n<\/ul>\n\n\n\n<p><strong><u>A fent meghat\u00e1rozott k\u00f6telezetts\u00e9gek be nem tart\u00e1sa a vend\u00e9g kiutas\u00edt\u00e1s\u00e1t vonja maga ut\u00e1n a Term\u00e1l Liget Szentegyh\u00e1za ter\u00fclet\u00e9r\u0151l.<\/u><\/strong><strong><u><\/u><\/strong><\/p>\n\n\n\n<p>A Term\u00e1l Liget Szentegyh\u00e1za ter\u00fclete biztons\u00e1gi okokb\u00f3l r\u00e9szben videokamer\u00e1val figyelik. A felv\u00e9telekhez csak gyan\u00fa eset\u00e9n f\u00e9rhetnek hozz\u00e1 a vonatkoz\u00f3 jogszab\u00e1lyok szerint erre felhatalmazott szem\u00e9lyek \u00e9s a rend\u0151rs\u00e9g. Ezek a l\u00e1togat\u00f3k vagyon\u00e1nak biztons\u00e1g\u00e1t \u00e9s v\u00e9delm\u00e9t szolg\u00e1lj\u00e1k.<\/p>\n\n\n\n<p><strong>Figyelmeztetj\u00fck, hogy a medenc\u00e9k ter\u00fclet\u00e9n fokozott a cs\u00fasz\u00e1svesz\u00e9ly. Minden l\u00e1togat\u00f3nak tiszt\u00e1ban kell lennie azzal, hogy a helyis\u00e9gben a nedves fel\u00fcletek miatt megn\u00f6vekszik a balesetvesz\u00e9ly. Ez\u00e9rt a l\u00e1togat\u00f3kat fokozott figyelemre intj\u00fck a medenc\u00e9k \u00e9s a mell\u00e9khelys\u00e9gek ter\u00fclet\u00e9n. Az esetleges balesetek\u00e9rt \u00e9s azok k\u00f6vetkezm\u00e9nyei\u00e9rt Cs\u00edki Sportcentrum \u00e9s munkat\u00e1rsai nem v\u00e1llalnak felel\u0151ss\u00e9get.<\/strong><\/p>\n\n\n\n<p>Azok a l\u00e1togat\u00f3k, akik a helysz\u00ednen vagy a parkol\u00f3ban tal\u00e1lnak t\u00e1rgyakat, k\u00e9rj\u00fck adj\u00e1k le a jegyp\u00e9nzt\u00e1rn\u00e1l. A nyilv\u00e1nos program lej\u00e1rta ut\u00e1n h\u00e1trahagyott \u00f6sszes t\u00e1rgyat az al\u00e1bbiak szerint gy\u0171jtj\u00fck \u00f6ssze \u00e9s t\u00e1roljuk:<\/p>\n\n\n\n<p>&#8211; az \u00e9rt\u00e9keket (ide\u00e9rtve, de nem kiz\u00e1r\u00f3lagosan: telefonokat, t\u00e1blag\u00e9peket, \u00e9rt\u00e9kes \u00e9kszereket, laptopokat, elektronikai cikkeket, 100 lejn\u00e9l nagyobb p\u00e9nz\u00f6sszegeket stb.) a t\u00f6rv\u00e9nyes 10 napos id\u0151tartamig meg kell \u0151rizni; a t\u00f6rv\u00e9nyes hat\u00e1rid\u0151 lej\u00e1rta ut\u00e1n ezeket az \u00e1rukat \u00e1tadj\u00e1k a hat\u00f3s\u00e1goknak.<\/p>\n\n\n\n<p>&#8211; a kis \u00e9rt\u00e9k\u0171 t\u00e1rgyakat 3 h\u00f3napig meg\u0151rzik, ezt k\u00f6vet\u0151en k\u00f6zhaszn\u00fa egyes\u00fcletnek, int\u00e9zm\u00e9nynek adom\u00e1nyozz\u00e1k.<\/p>\n\n\n\n<p>\u00d6n, mint l\u00e1togat\u00f3, elfogadja a k\u00f6vetkez\u0151ket:<\/p>\n\n\n\n<p>&#8211; beleegyezik abba, hogy a Term\u00e1l Liget Szentegyh\u00e1za az elveszett t\u00e1rgyakat nonprofit egyes\u00fcletnek vagy int\u00e9zm\u00e9nynek adom\u00e1nyozza<\/p>\n\n\n\n<p class=\"has-text-align-center\"><strong><span class=\"highlight\">A Term\u00e1l Liget Szentegyh\u00e1za m\u0171k\u00f6dtet\u0151je fenntartja a jogot a vend\u00e9gei megv\u00e1logat\u00e1s\u00e1ra.<\/span><\/strong><\/p>\n\n\n\n<p class=\"has-text-align-center\"><strong>A TERM\u00c1L LIGET SZENTEGYH\u00c1ZA ALKALMAZOTTAIB\u00d3L B\u00c1RMELY SZEM\u00c9LY GYAKORLHATJA A JELEN SZAB\u00c1LYZATBAN BIZTOS\u00cdTOTT JOGOKAT MINDEN L\u00c1TOGAT\u00d3VAL SZEMBEN. A TERM\u00c1L LIGET SZENTEGYH\u00c1ZA SZEM\u00c9LYZET\u00c9NEK UTAS\u00cdT\u00c1S\u00c1T MINDEN L\u00c1TOGAT\u00d3NAK BE KELL TARTANIA.<\/strong><\/p>\n\n\n\n<figure class=\"wp-block-image\"><img loading=\"lazy\" decoding=\"async\" width=\"1820\" height=\"1267\" src=\"https:\/\/termalfurdo.ro\/tlsz\/wp-content\/uploads\/2025\/07\/ter-00.jpg\" alt=\"\" class=\"wp-image-208\" srcset=\"https:\/\/termalfurdo.ro\/tlsz\/wp-content\/uploads\/2025\/07\/ter-00.jpg 1820w, https:\/\/termalfurdo.ro\/tlsz\/wp-content\/uploads\/2025\/07\/ter-00-300x209.jpg 300w, https:\/\/termalfurdo.ro\/tlsz\/wp-content\/uploads\/2025\/07\/ter-00-1024x713.jpg 1024w, https:\/\/termalfurdo.ro\/tlsz\/wp-content\/uploads\/2025\/07\/ter-00-768x535.jpg 768w, https:\/\/termalfurdo.ro\/tlsz\/wp-content\/uploads\/2025\/07\/ter-00-1536x1069.jpg 1536w\" sizes=\"auto, (max-width: 1820px) 100vw, 1820px\" \/><\/figure>\n","protected":false},"excerpt":{"rendered":"<p>A Term\u00e1l Liget Szentegyh\u00e1za bels\u0151 rendszab\u00e1lyzat\u00e1t a Term\u00e1l Liget Szentegyh\u00e1za minden helyis\u00e9g\u00e9ben, minden l\u00e1togat\u00f3 sz\u00e1m\u00e1ra k\u00f6telez\u0151 betartani, bele\u00e9rtve: &#8211; a Term\u00e1l Liget Szentegyh\u00e1za \u00f6sszes k\u00fcls\u0151 \u00e9s bels\u0151 ter\u00e9ben &#8211; a parkol\u00f3kban A Term\u00e1l Liget Szentegyh\u00e1za szolg\u00e1ltat\u00e1sainak haszn\u00e1latba v\u00e9tele \u00e9rdek\u00e9ben \u00d6nnek, mint l\u00e1togat\u00f3ja el kell fogadnia, \u00e9s be kell tartania a jelen szab\u00e1lyzatban foglalt szab\u00e1lyokat. Ha&hellip;&nbsp;<a href=\"https:\/\/termalfurdo.ro\/tlsz\/?page_id=176\" rel=\"bookmark\"><span class=\"screen-reader-text\">Bels\u0151 rendszab\u00e1lyzat<\/span><\/a><\/p>\n","protected":false},"author":1,"featured_media":0,"parent":0,"menu_order":0,"comment_status":"closed","ping_status":"closed","template":"","meta":{"neve_meta_sidebar":"","neve_meta_container":"","neve_meta_enable_content_width":"","neve_meta_content_width":0,"neve_meta_title_alignment":"","neve_meta_author_avatar":"","neve_post_elements_order":"","neve_meta_disable_header":"","neve_meta_disable_footer":"","neve_meta_disable_title":"","_themeisle_gutenberg_block_has_review":false,"footnotes":""},"class_list":["post-176","page","type-page","status-publish","hentry"],"_links":{"self":[{"href":"https:\/\/termalfurdo.ro\/tlsz\/index.php?rest_route=\/wp\/v2\/pages\/176","targetHints":{"allow":["GET"]}}],"collection":[{"href":"https:\/\/termalfurdo.ro\/tlsz\/index.php?rest_route=\/wp\/v2\/pages"}],"about":[{"href":"https:\/\/termalfurdo.ro\/tlsz\/index.php?rest_route=\/wp\/v2\/types\/page"}],"author":[{"embeddable":true,"href":"https:\/\/termalfurdo.ro\/tlsz\/index.php?rest_route=\/wp\/v2\/users\/1"}],"replies":[{"embeddable":true,"href":"https:\/\/termalfurdo.ro\/tlsz\/index.php?rest_route=%2Fwp%2Fv2%2Fcomments&post=176"}],"version-history":[{"count":2,"href":"https:\/\/termalfurdo.ro\/tlsz\/index.php?rest_route=\/wp\/v2\/pages\/176\/revisions"}],"predecessor-version":[{"id":209,"href":"https:\/\/termalfurdo.ro\/tlsz\/index.php?rest_route=\/wp\/v2\/pages\/176\/revisions\/209"}],"wp:attachment":[{"href":"https:\/\/termalfurdo.ro\/tlsz\/index.php?rest_route=%2Fwp%2Fv2%2Fmedia&parent=176"}],"curies":[{"name":"wp","href":"https:\/\/api.w.org\/{rel}","templated":true}]}}