{"id":12,"date":"2025-06-29T11:54:07","date_gmt":"2025-06-29T09:54:07","guid":{"rendered":"https:\/\/termalfurdo.ro\/tlsz\/?page_id=12"},"modified":"2025-07-07T13:04:51","modified_gmt":"2025-07-07T11:04:51","slug":"project-details","status":"publish","type":"page","link":"https:\/\/termalfurdo.ro\/tlsz\/?page_id=12","title":{"rendered":"Szolg\u00e1ltat\u00e1sok"},"content":{"rendered":"\n<div class=\"wp-block-cover alignfull\" style=\"min-height:326px;aspect-ratio:unset;\"><span aria-hidden=\"true\" class=\"wp-block-cover__background has-nv-site-bg-background-color has-background-dim-100 has-background-dim\"><\/span><div class=\"wp-block-cover__inner-container is-layout-flow wp-block-cover-is-layout-flow\">\n<div class=\"wp-block-group\" style=\"padding-right:var(--wp--preset--spacing--30);padding-left:var(--wp--preset--spacing--30)\"><div class=\"wp-block-group__inner-container is-layout-flow wp-block-group-is-layout-flow\">\n<div class=\"wp-block-columns are-vertically-aligned-center is-layout-flex wp-container-core-columns-is-layout-9d6595d7 wp-block-columns-is-layout-flex\">\n<div class=\"wp-block-column is-vertically-aligned-center is-layout-flow wp-block-column-is-layout-flow\" style=\"flex-basis:70%\">\n<div style=\"height:24px\" aria-hidden=\"true\" class=\"wp-block-spacer\"><\/div>\n\n\n\n<h1 class=\"wp-block-heading has-text-align-left has-neve-text-color-color has-text-color\"><strong>Szolg\u00e1ltat\u00e1sok<\/strong><\/h1>\n\n\n\n<p class=\"has-neve-text-color-color has-text-color\" style=\"font-size:22px\">Megl\u00e9v\u0151, (\u00fajraind\u00edtott) szolg\u00e1ltat\u00e1saink mellett t\u00f6reksz\u00fcnk vend\u00e9geink ig\u00e9nyeinek eleget tev\u0151, min\u0151s\u00e9gi szolg\u00e1ltat\u00f3kat tal\u00e1lni, hogy feledhetetlen legyen a n\u00e1lunk t\u00f6lt\u00f6tt id\u0151.<\/p>\n<\/div>\n\n\n\n<div class=\"wp-block-column is-vertically-aligned-center is-layout-flow wp-block-column-is-layout-flow\" style=\"flex-basis:30%\"><\/div>\n<\/div>\n<\/div><\/div>\n<\/div><\/div>\n\n\n\n<div class=\"wp-block-cover alignfull\" style=\"min-height:600px;aspect-ratio:unset;\"><span aria-hidden=\"true\" class=\"wp-block-cover__background has-nv-site-bg-background-color has-background-dim-100 has-background-dim\"><\/span><div class=\"wp-block-cover__inner-container is-layout-flow wp-block-cover-is-layout-flow\">\n<figure class=\"wp-block-image size-full is-resized has-custom-border\"><img loading=\"lazy\" decoding=\"async\" width=\"1080\" height=\"300\" src=\"https:\/\/termalfurdo.ro\/tlsz\/wp-content\/uploads\/2025\/07\/szolg2.png\" alt=\"\" class=\"wp-image-201\" style=\"border-radius:24px;width:1170px;height:auto\" srcset=\"https:\/\/termalfurdo.ro\/tlsz\/wp-content\/uploads\/2025\/07\/szolg2.png 1080w, https:\/\/termalfurdo.ro\/tlsz\/wp-content\/uploads\/2025\/07\/szolg2-300x83.png 300w, https:\/\/termalfurdo.ro\/tlsz\/wp-content\/uploads\/2025\/07\/szolg2-1024x284.png 1024w, https:\/\/termalfurdo.ro\/tlsz\/wp-content\/uploads\/2025\/07\/szolg2-768x213.png 768w\" sizes=\"auto, (max-width: 1080px) 100vw, 1080px\" \/><\/figure>\n\n\n\n<div class=\"wp-block-group\"><div class=\"wp-block-group__inner-container is-layout-flow wp-block-group-is-layout-flow\">\n<div style=\"height:80px\" aria-hidden=\"true\" class=\"wp-block-spacer\"><\/div>\n\n\n\n<h2 class=\"wp-block-heading\">Medenc\u00e9k: <br>&#8211; 5&#215;10 m term\u00e1l vizes<br>&#8211; 25&#215;10 m term\u00e1l vizes<br>&#8211; 5 m \u00e1tm\u00e9r\u0151j\u0171 \u00e9des vizes gyerekmedence<\/h2>\n\n\n\n<h2 class=\"wp-block-heading\">J\u00e1tsz\u00f3t\u00e9r<\/h2>\n\n\n\n<h2 class=\"wp-block-heading\">\u00c9tel, ital<\/h2>\n\n\n\n<h2 class=\"wp-block-heading\">Sz\u00e1ll\u00e1s: <br>&#8211; Kicsi h\u00e1zak<br>&#8211; Kemping<br>&#8211; Di\u00e1ksz\u00e1ll\u00f3 \u2013 Hamarosan.<\/h2>\n\n\n\n<h2 class=\"wp-block-heading\">Wifi<br>Saj\u00e1t parkol\u00f3<\/h2>\n\n\n\n<div style=\"height:20px\" aria-hidden=\"true\" class=\"wp-block-spacer\"><\/div>\n\n\n\n<div class=\"wp-block-columns are-vertically-aligned-center is-layout-flex wp-container-core-columns-is-layout-9d6595d7 wp-block-columns-is-layout-flex\">\n<div class=\"wp-block-column is-vertically-aligned-center is-layout-flow wp-block-column-is-layout-flow\" style=\"padding-right:var(--wp--preset--spacing--30);padding-left:var(--wp--preset--spacing--30);flex-basis:50%\">\n<figure class=\"wp-block-image size-full has-custom-border\"><img loading=\"lazy\" decoding=\"async\" width=\"2046\" height=\"1305\" src=\"https:\/\/termalfurdo.ro\/tlsz\/wp-content\/uploads\/2025\/07\/ter-4.jpg\" alt=\"\" class=\"wp-image-204\" style=\"border-radius:24px\" srcset=\"https:\/\/termalfurdo.ro\/tlsz\/wp-content\/uploads\/2025\/07\/ter-4.jpg 2046w, https:\/\/termalfurdo.ro\/tlsz\/wp-content\/uploads\/2025\/07\/ter-4-300x191.jpg 300w, https:\/\/termalfurdo.ro\/tlsz\/wp-content\/uploads\/2025\/07\/ter-4-1024x653.jpg 1024w, https:\/\/termalfurdo.ro\/tlsz\/wp-content\/uploads\/2025\/07\/ter-4-768x490.jpg 768w, https:\/\/termalfurdo.ro\/tlsz\/wp-content\/uploads\/2025\/07\/ter-4-1536x980.jpg 1536w\" sizes=\"auto, (max-width: 2046px) 100vw, 2046px\" \/><\/figure>\n\n\n\n<div style=\"height:24px\" aria-hidden=\"true\" class=\"wp-block-spacer\"><\/div>\n\n\n\n<h3 class=\"wp-block-heading has-text-align-center has-neve-text-color-color has-text-color\">STRAND<\/h3>\n\n\n\n<div style=\"height:40px\" aria-hidden=\"true\" class=\"wp-block-spacer\"><\/div>\n<\/div>\n\n\n\n<div class=\"wp-block-column is-vertically-aligned-center is-layout-flow wp-block-column-is-layout-flow\" style=\"padding-right:var(--wp--preset--spacing--30);padding-left:var(--wp--preset--spacing--30);flex-basis:50%\">\n<figure class=\"wp-block-image size-full has-custom-border\"><img loading=\"lazy\" decoding=\"async\" width=\"2048\" height=\"1365\" src=\"https:\/\/termalfurdo.ro\/tlsz\/wp-content\/uploads\/2025\/07\/ter-6.jpg\" alt=\"\" class=\"wp-image-205\" style=\"border-radius:24px\" srcset=\"https:\/\/termalfurdo.ro\/tlsz\/wp-content\/uploads\/2025\/07\/ter-6.jpg 2048w, https:\/\/termalfurdo.ro\/tlsz\/wp-content\/uploads\/2025\/07\/ter-6-300x200.jpg 300w, https:\/\/termalfurdo.ro\/tlsz\/wp-content\/uploads\/2025\/07\/ter-6-1024x683.jpg 1024w, https:\/\/termalfurdo.ro\/tlsz\/wp-content\/uploads\/2025\/07\/ter-6-768x512.jpg 768w, https:\/\/termalfurdo.ro\/tlsz\/wp-content\/uploads\/2025\/07\/ter-6-1536x1024.jpg 1536w, https:\/\/termalfurdo.ro\/tlsz\/wp-content\/uploads\/2025\/07\/ter-6-930x620.jpg 930w\" sizes=\"auto, (max-width: 2048px) 100vw, 2048px\" \/><\/figure>\n\n\n\n<div style=\"height:24px\" aria-hidden=\"true\" class=\"wp-block-spacer\"><\/div>\n\n\n\n<h3 class=\"wp-block-heading has-text-align-center has-neve-text-color-color has-text-color\">F\u00dcRD\u0150<\/h3>\n\n\n\n<div style=\"height:40px\" aria-hidden=\"true\" class=\"wp-block-spacer\"><\/div>\n<\/div>\n\n\n\n<div class=\"wp-block-column is-vertically-aligned-center is-layout-flow wp-block-column-is-layout-flow\" style=\"padding-right:var(--wp--preset--spacing--30);padding-left:var(--wp--preset--spacing--30);flex-basis:50%\">\n<figure class=\"wp-block-image size-full has-custom-border\"><img loading=\"lazy\" decoding=\"async\" width=\"2048\" height=\"1365\" src=\"https:\/\/termalfurdo.ro\/tlsz\/wp-content\/uploads\/2025\/07\/ugrik-4.jpg\" alt=\"\" class=\"wp-image-206\" style=\"border-radius:24px\" srcset=\"https:\/\/termalfurdo.ro\/tlsz\/wp-content\/uploads\/2025\/07\/ugrik-4.jpg 2048w, https:\/\/termalfurdo.ro\/tlsz\/wp-content\/uploads\/2025\/07\/ugrik-4-300x200.jpg 300w, https:\/\/termalfurdo.ro\/tlsz\/wp-content\/uploads\/2025\/07\/ugrik-4-1024x683.jpg 1024w, https:\/\/termalfurdo.ro\/tlsz\/wp-content\/uploads\/2025\/07\/ugrik-4-768x512.jpg 768w, https:\/\/termalfurdo.ro\/tlsz\/wp-content\/uploads\/2025\/07\/ugrik-4-1536x1024.jpg 1536w, https:\/\/termalfurdo.ro\/tlsz\/wp-content\/uploads\/2025\/07\/ugrik-4-930x620.jpg 930w\" sizes=\"auto, (max-width: 2048px) 100vw, 2048px\" \/><\/figure>\n\n\n\n<div style=\"height:24px\" aria-hidden=\"true\" class=\"wp-block-spacer\"><\/div>\n\n\n\n<h3 class=\"wp-block-heading has-text-align-center has-neve-text-color-color has-text-color\">\u00c9LM\u00c9NY<\/h3>\n\n\n\n<div style=\"height:40px\" aria-hidden=\"true\" class=\"wp-block-spacer\"><\/div>\n<\/div>\n<\/div>\n\n\n\n<div style=\"height:40px\" aria-hidden=\"true\" class=\"wp-block-spacer\"><\/div>\n<\/div><\/div>\n<\/div><\/div>\n\n\n\n<p><\/p>\n","protected":false},"excerpt":{"rendered":"","protected":false},"author":1,"featured_media":0,"parent":0,"menu_order":0,"comment_status":"closed","ping_status":"closed","template":"","meta":{"neve_meta_sidebar":"","neve_meta_container":"","neve_meta_enable_content_width":"on","neve_meta_content_width":100,"neve_meta_title_alignment":"","neve_meta_author_avatar":"","neve_post_elements_order":"","neve_meta_disable_header":"","neve_meta_disable_footer":"","neve_meta_disable_title":"on","_themeisle_gutenberg_block_has_review":false,"footnotes":""},"class_list":["post-12","page","type-page","status-publish","hentry"],"_links":{"self":[{"href":"https:\/\/termalfurdo.ro\/tlsz\/index.php?rest_route=\/wp\/v2\/pages\/12","targetHints":{"allow":["GET"]}}],"collection":[{"href":"https:\/\/termalfurdo.ro\/tlsz\/index.php?rest_route=\/wp\/v2\/pages"}],"about":[{"href":"https:\/\/termalfurdo.ro\/tlsz\/index.php?rest_route=\/wp\/v2\/types\/page"}],"author":[{"embeddable":true,"href":"https:\/\/termalfurdo.ro\/tlsz\/index.php?rest_route=\/wp\/v2\/users\/1"}],"replies":[{"embeddable":true,"href":"https:\/\/termalfurdo.ro\/tlsz\/index.php?rest_route=%2Fwp%2Fv2%2Fcomments&post=12"}],"version-history":[{"count":11,"href":"https:\/\/termalfurdo.ro\/tlsz\/index.php?rest_route=\/wp\/v2\/pages\/12\/revisions"}],"predecessor-version":[{"id":151,"href":"https:\/\/termalfurdo.ro\/tlsz\/index.php?rest_route=\/wp\/v2\/pages\/12\/revisions\/151"}],"wp:attachment":[{"href":"https:\/\/termalfurdo.ro\/tlsz\/index.php?rest_route=%2Fwp%2Fv2%2Fmedia&parent=12"}],"curies":[{"name":"wp","href":"https:\/\/api.w.org\/{rel}","templated":true}]}}